{"id":39264,"date":"2023-02-22T12:51:00","date_gmt":"2023-02-22T11:51:00","guid":{"rendered":"http:\/\/utv.europaforum.nu\/?page_id=39264"},"modified":"2024-04-12T14:18:27","modified_gmt":"2024-04-12T13:18:27","slug":"press","status":"publish","type":"page","link":"https:\/\/europaforum.nu\/?page_id=39264","title":{"rendered":"Press"},"content":{"rendered":"<p>[et_pb_section fb_built=&#8221;1&#8243; fullwidth=&#8221;on&#8221; _builder_version=&#8221;4.20.0&#8243; _module_preset=&#8221;default&#8221; global_colors_info=&#8221;{}&#8221;][et_pb_fullwidth_header title=&#8221;PRESS&#8221; subhead=&#8221;Pressmaterial och kontaktuppgifter till kommunikat\u00f6rer&#8221; _builder_version=&#8221;4.20.0&#8243; _module_preset=&#8221;default&#8221; background_color=&#8221;#006eab&#8221; global_colors_info=&#8221;{}&#8221;][\/et_pb_fullwidth_header][\/et_pb_section][et_pb_section fb_built=&#8221;1&#8243; _builder_version=&#8221;4.20.0&#8243; _module_preset=&#8221;default&#8221; global_colors_info=&#8221;{}&#8221;][et_pb_row _builder_version=&#8221;4.20.0&#8243; _module_preset=&#8221;default&#8221; global_colors_info=&#8221;{}&#8221;][et_pb_column type=&#8221;4_4&#8243; _builder_version=&#8221;4.20.0&#8243; _module_preset=&#8221;default&#8221; global_colors_info=&#8221;{}&#8221;][dsm_dual_heading before_text=&#8221;Press&#8221; middle_text=&#8221;kontakt&#8221; _builder_version=&#8221;4.21.0&#8243; _module_preset=&#8221;default&#8221; global_colors_info=&#8221;{}&#8221;][\/dsm_dual_heading][s4s_person_plus image_shape=&#8221;on&#8221; name=&#8221; Fredrik Kjellman \u00d6lmerud&#8221; position=&#8221;Presskontakt&#8221; organisation_level1=&#8221;Region V\u00e4sternorrland&#8221; organisation_level2=&#8221;Kommunikat\u00f6r&#8221; mobile_phone=&#8221;073-045 90 84&#8243; email=&#8221;fredrik.kjellman.olmerud@rvn.se&#8221; _builder_version=&#8221;4.24.2&#8243; _module_preset=&#8221;default&#8221; background_color=&#8221;RGBA(255,255,255,0)&#8221; child_mix_blend_mode=&#8221;overlay&#8221; hover_enabled=&#8221;0&#8243; box_shadow_style_image=&#8221;preset3&#8243; global_colors_info=&#8221;{}&#8221; title_text=&#8221;Fredrik Kjellman \u00d6lmerud&#8221; image=&#8221;https:\/\/europaforum.nu\/wp-content\/uploads\/2024\/04\/Fredrik-Kjellman-Olmerud-1.jpeg&#8221; sticky_enabled=&#8221;0&#8243;][\/s4s_person_plus][\/et_pb_column][\/et_pb_row][et_pb_row _builder_version=&#8221;4.20.0&#8243; _module_preset=&#8221;default&#8221; global_colors_info=&#8221;{}&#8221;][et_pb_column type=&#8221;4_4&#8243; _builder_version=&#8221;4.20.0&#8243; _module_preset=&#8221;default&#8221; global_colors_info=&#8221;{}&#8221;][dsm_dual_heading before_text=&#8221;Press&#8221; middle_text=&#8221;meddelanden&#8221; _builder_version=&#8221;4.20.0&#8243; _module_preset=&#8221;default&#8221; custom_padding=&#8221;||0px|||&#8221; global_colors_info=&#8221;{}&#8221;][\/dsm_dual_heading][et_pb_blog_extras include_categories=&#8221;8&#8243; blog_layout=&#8221;slider&#8221; show_comments=&#8221;off&#8221; slides_per_view=&#8221;4&#8243; show_arrow=&#8221;on&#8221; _builder_version=&#8221;4.20.0&#8243; _module_preset=&#8221;default&#8221; global_colors_info=&#8221;{}&#8221;][\/et_pb_blog_extras][dica_divi_carousel advanced_effect=&#8221;1&#8243; _builder_version=&#8221;4.20.0&#8243; _module_preset=&#8221;default&#8221; global_colors_info=&#8221;{}&#8221;][\/dica_divi_carousel][dsm_dual_heading before_text=&#8221;Debatt&#8221; middle_text=&#8221;artiklar&#8221; _builder_version=&#8221;4.20.0&#8243; _module_preset=&#8221;default&#8221; custom_padding=&#8221;||0px|||&#8221; global_colors_info=&#8221;{}&#8221;][\/dsm_dual_heading][et_pb_blog_extras use_category_filterable_blog=&#8221;on&#8221; posts_number=&#8221;3&#8243; include_categories=&#8221;9&#8243; blog_layout=&#8221;box_extended&#8221; _builder_version=&#8221;4.20.0&#8243; _module_preset=&#8221;default&#8221; global_colors_info=&#8221;{}&#8221;][\/et_pb_blog_extras][dsm_dual_heading before_text=&#8221;Grafik&#8221; middle_text=&#8221; o loggor&#8221; _builder_version=&#8221;4.20.0&#8243; _module_preset=&#8221;default&#8221; custom_padding=&#8221;||0px|||&#8221; global_colors_info=&#8221;{}&#8221;][\/dsm_dual_heading][et_pb_text _builder_version=&#8221;4.20.0&#8243; _module_preset=&#8221;default&#8221; global_colors_info=&#8221;{}&#8221;]<\/p>\n<p><a href=\"http:\/\/utv.europaforum.nu\/wp-content\/uploads\/2023\/02\/efns-logga.pdf\">Logga<\/a> (pdf)<\/p>\n<p>[\/et_pb_text][\/et_pb_column][\/et_pb_row][\/et_pb_section]<\/p>\n","protected":false},"excerpt":{"rendered":"<p><div class=\"et_pb_module dsm_dual_heading dsm_dual_heading_0  et_pb_bg_layout_light\">\n\t\t\t\t\n\t\t\t\t\n\t\t\t\t\n\t\t\t\t\n\t\t\t\t\n\t\t\t\t\n\t\t\t\t<div class=\"et_pb_module_inner\">\n\t\t\t\t\t<h2 class=\"dsm-dual-heading-main et_pb_module_header\"><span class=\"dsm-dual-heading-before\">Press<\/span><span class=\"dsm-dual-heading-middle\">kontakt<\/span><\/h2>\n\t\t\t\t<\/div>\n\t\t\t<\/div><div class=\"et_pb_module s4s_person_plus s4s_person_plus_0  et_pb_css_mix_blend_mode\">\n\t\t\t\t\n\t\t\t\t\n\t\t\t\t\n\t\t\t\t\n\t\t\t\t\n\t\t\t\t\n\t\t\t\t<div class=\"et_pb_module_inner\">\n\t\t\t\t\t\r\n\t\t<div class=\"et_pb_module s4s_person_plus clearfix  et_pb_bg_layout_light\">\r\n\t\t\t<div class=\"person_plus_basic_card\">\r\n\t\t\t\t<div class=\"person_plus_image et-waypoint et_pb_animation_off et-animated\">\r\n\t\t\t\t\t<img decoding=\"async\" src=\"https:\/\/europaforum.nu\/wp-content\/uploads\/2024\/04\/Fredrik-Kjellman-Olmerud-1.jpeg\" alt=\"\" sizes=\"(min-width: 0px) and (max-width: 480px) 480px, (min-width: 481px) 512px, 100vw\">\r\n\t\t\t\t\t<div class=\"person_plus_description location-moved\">\r\n\t\t\t\t\t\t<h3 class=\"et_pb_module_header person_plus_name\"> Fredrik Kjellman \u00d6lmerud<\/h3>\r\n\t\t\t\t\t\t<h5 class=\"person_plus_position\">Presskontakt<\/h5>\r\n\t\t\t\t\t\t<div class=\"person_plus_organisation\">\r\n\t\t\t\t\t\t\t<span class=\"organisation_level organisation_level1\">Region V\u00e4sternorrland<\/span>\r\n\t\t\t\t\t\t\t<span class=\"organisation_level organisation_level2\">Kommunikat\u00f6r<\/span>\r\n\t\t\t\t\t\t\t<span class=\"organisation_level organisation_level3\"><\/span>\r\n\t\t\t\t\t<\/div>\t\t\t\t\r\n\t\t\t\t<\/div>\r\n\t\t\t\t<\/div>\r\n\t\t\t\t<div class=\"person_plus_basic_data\">\r\n\t\t\t\t\t<div class=\"person_plus_description default-location\">\r\n\t\t\t\t\t\t<h3 class=\"et_pb_module_header person_plus_name\"> Fredrik Kjellman \u00d6lmerud<\/h3>\r\n\t\t\t\t\t\t<h5 class=\"person_plus_position\">Presskontakt<\/h5>\r\n\t\t\t\t\t\t<div class=\"person_plus_organisation\">\r\n\t\t\t\t\t\t\t<span class=\"organisation_level organisation_level1\">Region V\u00e4sternorrland<\/span>\r\n\t\t\t\t\t\t\t<span class=\"organisation_level organisation_level2\">Kommunikat\u00f6r<\/span>\r\n\t\t\t\t\t\t\t<span class=\"organisation_level organisation_level3\"><\/span>\r\n\t\t\t\t\t\t<\/div>\t\t\t\t\r\n\t\t\t\t\t<\/div>\r\n\t\t\t\t\t<div class=\"person_plus_contact\">\r\n\t\t\t\t\t\t<ul class=\"person_plus_contact_list\"><li><i class=\"contact-icon et-pb-icon pp-icon-mobile\"><\/i><a class=\"person_plus_contact\" href=\"tel:073-045 90 84\" target=\"_blank\"><span>073-045 90 84<\/span><\/a><\/li><li><i class=\"contact-icon pp-icon-email et-pb-icon \"><\/i><a class=\"person_plus_contact\" href=\"mailto:fredrik.kjellman.olmerud@rvn.se\" target=\"_blank\"><span>fredrik.kjellman.olmerud@rvn.se<\/span><\/a><\/li><\/ul>\r\n\t\t\t\t\t<\/div>\r\n\t\t\t\t\t<div class=\"person_plus_availability\">\r\n\t\t\t\t\t\t<div class=\"availability-label\"><\/div>\r\n\t\t\t\t\t\t<p><\/p>\r\n\t\t\t\t\t<\/div>\r\n\t\t\t\t\t<div class=\"person_plus_networks square-off\">\r\n\t\t\t\t\t\t\r\n\t\t\t\t\t<\/div>\r\n\t\t\t\t<\/div>\r\n\t\t\t<\/div>\r\n\t\t\t<div class=\"person_plus_about\">\t\r\n\t\t\t\t<div class=\"person_plus_pre_bio_fields\">\r\n\t\t\t\t\t\r\n\t\t\t\t<\/div>\r\n\t\t\t\t<div class=\"person_plus_bio person_plus_bio_desktop\">\r\n\t\t\t\t\t \r\n\t\t\t\t<\/div>\r\n\t\t\t\t<div class=\"person_plus_bio person_plus_bio_tablet\">\r\n\t\t\t\t\t \r\n\t\t\t\t<\/div>\t\r\n\t\t\t\t<div class=\"person_plus_bio person_plus_bio_phone\">\r\n\t\t\t\t\t \r\n\t\t\t\t<\/div>\t\t\r\n\t\t\t<\/div>\r\n\t\t<\/div>\r\n\t\t\n\t\t\t\t<\/div>\n\t\t\t<\/div><div class=\"et_pb_module dsm_dual_heading dsm_dual_heading_1  et_pb_bg_layout_light\">\n\t\t\t\t\n\t\t\t\t\n\t\t\t\t\n\t\t\t\t\n\t\t\t\t\n\t\t\t\t\n\t\t\t\t<div class=\"et_pb_module_inner\">\n\t\t\t\t\t<h2 class=\"dsm-dual-heading-main et_pb_module_header\"><span class=\"dsm-dual-heading-before\">Press<\/span><span class=\"dsm-dual-heading-middle\">meddelanden<\/span><\/h2>\n\t\t\t\t<\/div>\n\t\t\t<\/div><div class=\"et_pb_module dica_divi_carousel dica_divi_carousel_0\">\n\t\t\t\t\n\t\t\t\t\n\t\t\t\t\n\t\t\t\t\n\t\t\t\t\n\t\t\t\t\n\t\t\t\t<div class=\"et_pb_module_inner\">\n\t\t\t\t\t<div class=\"dica-container  desktop_middle-inside tablet_middle-inside mobile_middle-inside\" data-props='{\"desktop\":\"4\",\"tablet\":\"3\",\"mobile\":\"1\",\"speed\":\"500\",\"arrow\":\"off\",\"dots\":\"off\",\"autoplay\":\"off\",\"autoSpeed\":\"1000\",\"loop\":\"off\",\"item_spacing\":\"30\",\"center_mode\":\"off\",\"slider_effec\":\"1\",\"cover_rotate\":\"50\",\"pause_onhover\":\"off\",\"multislide\":\"off\",\"cfshadow\":\"on\",\"order\":\"0\",\"lazyload\":\"off\",\"lazybefore\":\"off\",\"scroller_effect\":\"off\",\"autowidth\":\"off\",\"item_spacing_tablet\":\"30\",\"item_spacing_phone\":\"30\",\"scroller_speed\":\"4000\",\"hashNavigation\":\"off\",\"simulatetouch\":\"off\",\"allowtouchmove\":\"off\",\"slide_row\":\"1\",\"slide_row_tablet\":\"1\",\"slide_row_phone\":\"1\",\"keyboard\":\"off\",\"mousewheel\":\"off\",\"autoplay_viewport\":\"\"}'>\n\t\t\t\t\t\t\t \t<div class=\"swiper-container\" >\n\t\t\t\t\t\t\t\t\t<div class=\"swiper-wrapper\"><\/div>\t\n\t\t\t\t\t\t\t\t<\/div>\t\n\t\t\t\t\t\t\t\t\n\t\t\t\t\t\t\t\t\t\t\t\t\t\t\n\t\t\t\t\t\t\t<\/div>\n\t\t\t\t<\/div>\n\t\t\t<\/div><div class=\"et_pb_module dsm_dual_heading dsm_dual_heading_2  et_pb_bg_layout_light\">\n\t\t\t\t\n\t\t\t\t\n\t\t\t\t\n\t\t\t\t\n\t\t\t\t\n\t\t\t\t\n\t\t\t\t<div class=\"et_pb_module_inner\">\n\t\t\t\t\t<h2 class=\"dsm-dual-heading-main et_pb_module_header\"><span class=\"dsm-dual-heading-before\">Debatt<\/span><span class=\"dsm-dual-heading-middle\">artiklar<\/span><\/h2>\n\t\t\t\t<\/div>\n\t\t\t<\/div><div class=\"et_pb_module dsm_dual_heading dsm_dual_heading_3  et_pb_bg_layout_light\">\n\t\t\t\t\n\t\t\t\t\n\t\t\t\t\n\t\t\t\t\n\t\t\t\t\n\t\t\t\t\n\t\t\t\t<div class=\"et_pb_module_inner\">\n\t\t\t\t\t<h2 class=\"dsm-dual-heading-main et_pb_module_header\"><span class=\"dsm-dual-heading-before\">Grafik<\/span><span class=\"dsm-dual-heading-middle\"> o loggor<\/span><\/h2>\n\t\t\t\t<\/div>\n\t\t\t<\/div>Logga (pdf)<\/p>\n","protected":false},"author":1,"featured_media":0,"parent":0,"menu_order":0,"comment_status":"closed","ping_status":"closed","template":"","meta":{"_et_pb_use_builder":"on","_et_pb_old_content":"","_et_gb_content_width":"","footnotes":""},"class_list":["post-39264","page","type-page","status-publish","hentry"],"_links":{"self":[{"href":"https:\/\/europaforum.nu\/index.php?rest_route=\/wp\/v2\/pages\/39264","targetHints":{"allow":["GET"]}}],"collection":[{"href":"https:\/\/europaforum.nu\/index.php?rest_route=\/wp\/v2\/pages"}],"about":[{"href":"https:\/\/europaforum.nu\/index.php?rest_route=\/wp\/v2\/types\/page"}],"author":[{"embeddable":true,"href":"https:\/\/europaforum.nu\/index.php?rest_route=\/wp\/v2\/users\/1"}],"replies":[{"embeddable":true,"href":"https:\/\/europaforum.nu\/index.php?rest_route=%2Fwp%2Fv2%2Fcomments&post=39264"}],"version-history":[{"count":17,"href":"https:\/\/europaforum.nu\/index.php?rest_route=\/wp\/v2\/pages\/39264\/revisions"}],"predecessor-version":[{"id":40815,"href":"https:\/\/europaforum.nu\/index.php?rest_route=\/wp\/v2\/pages\/39264\/revisions\/40815"}],"wp:attachment":[{"href":"https:\/\/europaforum.nu\/index.php?rest_route=%2Fwp%2Fv2%2Fmedia&parent=39264"}],"curies":[{"name":"wp","href":"https:\/\/api.w.org\/{rel}","templated":true}]}}