{"id":39284,"date":"2023-02-22T14:25:12","date_gmt":"2023-02-22T13:25:12","guid":{"rendered":"http:\/\/utv.europaforum.nu\/?page_id=39284"},"modified":"2025-02-21T10:21:43","modified_gmt":"2025-02-21T09:21:43","slug":"om-oss","status":"publish","type":"page","link":"https:\/\/europaforum.nu\/?page_id=39284","title":{"rendered":"Om oss"},"content":{"rendered":"<p>[et_pb_section fb_built=&#8221;1&#8243; fullwidth=&#8221;on&#8221; _builder_version=&#8221;4.20.0&#8243; _module_preset=&#8221;default&#8221; global_colors_info=&#8221;{}&#8221;][et_pb_fullwidth_header title=&#8221;Om oss&#8221; subhead=&#8221;L\u00e4s om v\u00e5rt n\u00e4tverk och arbetsgrupper. H\u00e4r finns \u00e4ven kontaktuppgifter till ledning och sekretariat&#8221; _builder_version=&#8221;4.20.0&#8243; _module_preset=&#8221;default&#8221; background_color=&#8221;#006eab&#8221; global_colors_info=&#8221;{}&#8221;][\/et_pb_fullwidth_header][\/et_pb_section][et_pb_section fb_built=&#8221;1&#8243; _builder_version=&#8221;4.20.0&#8243; _module_preset=&#8221;default&#8221; global_colors_info=&#8221;{}&#8221;][et_pb_row _builder_version=&#8221;4.20.0&#8243; _module_preset=&#8221;default&#8221; global_colors_info=&#8221;{}&#8221;][et_pb_column type=&#8221;4_4&#8243; _builder_version=&#8221;4.20.0&#8243; _module_preset=&#8221;default&#8221; global_colors_info=&#8221;{}&#8221;][et_pb_text _builder_version=&#8221;4.25.0&#8243; _module_preset=&#8221;default&#8221; global_colors_info=&#8221;{}&#8221;]<\/p>\n<h3><strong>Europaforum Norra Sverige \u2013 de fyra nordligaste regionernas n\u00e4tverk f\u00f6r p\u00e5verkan<\/strong><\/h3>\n<p><img loading=\"lazy\" decoding=\"async\" src=\"https:\/\/europaforum.nu\/wp-content\/uploads\/2024\/04\/EFNSrapportorer_2023_2026_webb.jpg\" width=\"2400\" height=\"1332\" alt=\"\" class=\"wp-image-40843 alignnone size-full\" srcset=\"https:\/\/europaforum.nu\/wp-content\/uploads\/2024\/04\/EFNSrapportorer_2023_2026_webb.jpg 2400w, https:\/\/europaforum.nu\/wp-content\/uploads\/2024\/04\/EFNSrapportorer_2023_2026_webb-1280x710.jpg 1280w, https:\/\/europaforum.nu\/wp-content\/uploads\/2024\/04\/EFNSrapportorer_2023_2026_webb-980x544.jpg 980w, https:\/\/europaforum.nu\/wp-content\/uploads\/2024\/04\/EFNSrapportorer_2023_2026_webb-480x266.jpg 480w\" sizes=\"(min-width: 0px) and (max-width: 480px) 480px, (min-width: 481px) and (max-width: 980px) 980px, (min-width: 981px) and (max-width: 1280px) 1280px, (min-width: 1281px) 2400px, 100vw\" \/><em>Fr\u00e5n v\u00e4nster: Jonny Lundin (C) Region V\u00e4sternorrland, Lars-Gunnar Nordlander (S) Kommunf\u00f6rbundet J\u00e4mtland H\u00e4rjedalen, Isak Utsi (S), Norrbottens Kommuner, Mats Hellhof (SD) Region V\u00e4sternorrland, Jonas Andersson (S) Region J\u00e4mtland H\u00e4rjedalen, Daniel Danielsson (C) Kommunf\u00f6rbundet J\u00e4mtland H\u00e4rjedalen, Ann \u00c5str\u00f6m (S) Region V\u00e4sterbotten, Anders \u00d6berg (S), Region Norrbotten, Rickard Carstedt (S), Region V\u00e4sterbotten, Johan Loock (M), Region J\u00e4mtland H\u00e4rjedalen. P\u00e5 bilden saknas: Ulrica Hammarstr\u00f6m (S) Norrbottens kommuner, \u00c5sa \u00c5gren Wikstr\u00f6m (M) Region V\u00e4sterbotten och Erik L\u00f6vgren (S) Kommunf\u00f6rbundet V\u00e4sternorrland. Foto: Evelina Ytterbom.<\/em><\/p>\n<p>Europaforum Norra Sverige (EFNS) \u00e4r ett politiskt n\u00e4tverk som samlar Sveriges fyra nordligaste regioner f\u00f6r att tillvarata norra Sveriges intressen i fr\u00e5gor med en tydlig EU-dimension. Forumet har i mer \u00e4n 20 \u00e5r f\u00f6rt fram norra Sveriges st\u00e5ndpunkter med en gemensam r\u00f6st. Det som g\u00f6r n\u00e4tverket unikt \u00e4r EFNS f\u00f6rm\u00e5ga att samverka \u00f6ver partigr\u00e4nser mellan akt\u00f6rer p\u00e5 lokal, regional, nationell och EU-niv\u00e5 och i syfte att gynna norra Sveriges intressen i EU-politiken.<\/p>\n<p>EFNS \u00e4r en m\u00f6tesplats och kunskapsarena d\u00e4r EU:s politik analyseras och diskuteras i de avseenden d\u00e4r den ber\u00f6r norra Sverige. V\u00e5r fr\u00e4msta uppgift \u00e4r att bevaka Europafr\u00e5gor f\u00f6r att genom gemensamma insatser p\u00e5verka EU:s lagstiftning s\u00e5som olika EU-strategier, handlingsprogram och EU:s budget. Arbetet handlar om att enat ber\u00e4tta och beskriva vilka f\u00f6ruts\u00e4ttningar och m\u00f6jligheter som finns i norra Sverige. Vad regionen har att erbjuda EU och vad regionen i sin tur beh\u00f6ver f\u00f6r st\u00f6d av EU.<\/p>\n<p>D\u00e5 regionerna, som tillsammans utg\u00f6r en stor del av Sveriges geografiska yta, bidrar till n\u00e4tverket med lika stort engagemang \u00e4r Europaforum Norra Sveriges styrka att n\u00e4tverkets gemensamma r\u00f6st ger slagkraft och ett starkt mandat i politiska fr\u00e5gor.<\/p>\n<p>Vi efterstr\u00e4var att i ett tidigt skede f\u00f6ra fram synpunkter och kunskap i beslutsprocesser samt vara en aktiv del i s\u00e4kerst\u00e4llandet av ett gott flerniv\u00e5styre. M\u00e5len med det gemensamma p\u00e5verkansarbetet \u00e4r att genom ENFS:<\/p>\n<ul>\n<li>S\u00e4kerst\u00e4lla att norra Sveriges intressen tillvaratas n\u00e4r EU utformar politik<\/li>\n<li>Utveckla och bidra till ett gott flerniv\u00e5styre i EU och i Sverige<\/li>\n<li>F\u00f6ra EU-politiken n\u00e4rmare medborgarna i norra Sverige<\/li>\n<li>\u00d6ka kunskap och medvetenhet om EU-politik i politiska organ i de fyra nordligaste regionerna<\/li>\n<\/ul>\n<h3><\/h3>\n<h3><strong>Europaforum Norra Sveriges struktur och rapport\u00f6rer (politiker)<\/strong><\/h3>\n<p>Bakom \u00f6verenskommelsen att prioritera och samarbeta i EFNS st\u00e5r de regionala politiska organisationerna som arbetar med regionala utvecklingsfr\u00e5gor, det vill s\u00e4ga regionerna i Norrbotten, V\u00e4sterbotten V\u00e4sternorrland och J\u00e4mtland H\u00e4rjedalen samt kommunf\u00f6rbundet i J\u00e4mtland H\u00e4rjedalen, V\u00e4sternorrland och Norrbottens Kommuner. Sekretariatet f\u00f6r EFNS roterar mellan dessa.<\/p>\n<p>Dessa uppdragsgivare utser tre politiker som politiska rapport\u00f6rer att ing\u00e5 i varsin tematisk arbetsgrupp att representera den egna regionen f\u00f6r en mandatperiod. Inom varje arbetsgrupp utpekas en samordnande rapport\u00f6r som har en viktig roll i att s\u00e4kerst\u00e4lla samarbetet mellan EFNS olika arbetsgrupper. Rapport\u00f6rerna ska f\u00f6retr\u00e4da sakkunskap i forumets prioriterade omr\u00e5den, vara f\u00f6redragande och f\u00f6retr\u00e4da EFNS externt. Arbetet i EFNS bygger p\u00e5 gemensamma st\u00e5ndpunkter \u2013 positionspapper. Positionerna tas alltid i konsensus vid s\u00e5 kallade rapport\u00f6rsm\u00f6ten, \u00f6ver parti- och l\u00e4nsgr\u00e4nser. I samband med rapport\u00f6rsm\u00f6tena, som \u00e4ger rum varje kvartal, \u00e5terger rapport\u00f6rerna aktiviteter och arbete som skett sedan f\u00f6reg\u00e5ende m\u00f6te. Europaforum Norra Sveriges 13 rapport\u00f6rer \u00e4r ansvariga f\u00f6r inneh\u00e5llet i positionerna och dess f\u00f6rankring p\u00e5 hemmaplan.<\/p>\n<p>EFNS har tre tj\u00e4nstemannagrupper kopplat till varje tematiska fokusomr\u00e5de \u00a0samt en kommunikat\u00f6rsgrupp. Anst\u00e4llda vid norra Sveriges representationskontor i Bryssel, North Sweden European Office, ing\u00e5r i l\u00e4mpliga arbetsgrupper. North Sweden European Office omfattar samma geografi som EFNS och \u00e4r ocks\u00e5 i h\u00f6g grad n\u00e4tverkets direktl\u00e4nk till EU-arenan.<\/p>\n<p><strong>Prioriterade omr\u00e5den:<\/strong><\/p>\n<ul>\n<li>Sammanh\u00e5llningspolitik (regionalpoltik)<\/li>\n<li>Forskning, innovation och n\u00e4ringsliv<\/li>\n<li>Infrastruktur och samh\u00e4llsbyggnad.<\/li>\n<\/ul>\n<div class=\"afi-document\">\n<blockquote>\n<div class=\"afi-document-icon\"><a href=\"https:\/\/europaforum.nu\/wp-content\/uploads\/2023\/11\/EFNS-arbetsordning-antagen-20230503-1.pdf\"><span style=\"text-decoration: underline;\">L\u00e4s Europaforum Norra Sveriges arbetsordning f\u00f6r mer inforamtion.\u00a0<\/span><\/a><\/div>\n<\/blockquote>\n<div class=\"afi-document-icon\"><span style=\"text-decoration: underline;\"><\/span><\/div>\n<div class=\"afi-document-icon\"><span style=\"text-decoration: underline;\"><\/span><\/div>\n<div class=\"afi-document-icon\"><span style=\"text-decoration: underline;\"><\/span><\/div>\n<div class=\"afi-document-icon\"><\/div>\n<\/div>\n<h3><strong>Europaforum Norra Sverigs \u00e5rliga forum och ut\u00f6kade rapport\u00f6rsm\u00f6ten<\/strong><\/h3>\n<p>Varje \u00e5r anordnar EFNS ett \u00e5rligt forum och vartannat \u00e5r anordnas ett ut\u00f6kat rapport\u00f6rsm\u00f6te. Syftet med dessa tillf\u00e4llen \u00e4r att bjuda in beslutsfattare och h\u00f6gre tj\u00e4nstepersoner fr\u00e5n EU och nationell niv\u00e5 till dialog med regionala och lokala politiker fr\u00e5n norra Sverige. Genom att ut\u00f6ka med fler politiska f\u00f6retr\u00e4dare fr\u00e5n norra Sverige som enas i positioner kontrolleras samst\u00e4mmigheten av Europaforum Norra Sveriges politik samtidigt som det bidrar till att \u00f6ka kunskap och medvetenhet om EU-politik i politiska organ i norra Sverige. L\u00e4s mer om aktuella evenemang under rubriken \u201devents\u201d.<\/p>\n<p>[\/et_pb_text][\/et_pb_column][\/et_pb_row][et_pb_row _builder_version=&#8221;4.20.0&#8243; _module_preset=&#8221;default&#8221; global_colors_info=&#8221;{}&#8221;][et_pb_column type=&#8221;4_4&#8243; _builder_version=&#8221;4.20.0&#8243; _module_preset=&#8221;default&#8221; global_colors_info=&#8221;{}&#8221;][et_pb_divider _builder_version=&#8221;4.20.0&#8243; _module_preset=&#8221;default&#8221; global_colors_info=&#8221;{}&#8221;][\/et_pb_divider][\/et_pb_column][\/et_pb_row][et_pb_row _builder_version=&#8221;4.20.0&#8243; _module_preset=&#8221;default&#8221; global_colors_info=&#8221;{}&#8221;][et_pb_column type=&#8221;4_4&#8243; _builder_version=&#8221;4.20.0&#8243; _module_preset=&#8221;default&#8221; global_colors_info=&#8221;{}&#8221;][dsm_block_reveal_text block_reveal_text=&#8221;Ledning&#8221; _builder_version=&#8221;4.20.0&#8243; _module_preset=&#8221;default&#8221; global_colors_info=&#8221;{}&#8221;][\/dsm_block_reveal_text][\/et_pb_column][\/et_pb_row][et_pb_row column_structure=&#8221;1_2,1_2&#8243; _builder_version=&#8221;4.20.0&#8243; _module_preset=&#8221;default&#8221; global_colors_info=&#8221;{}&#8221;][et_pb_column type=&#8221;1_2&#8243; _builder_version=&#8221;4.20.0&#8243; _module_preset=&#8221;default&#8221; global_colors_info=&#8221;{}&#8221;][s4s_person_plus image=&#8221;https:\/\/europaforum.nu\/wp-content\/uploads\/2023\/05\/Jonas-Andersson-S-RegionJH.jpg&#8221; image_shape=&#8221;on&#8221; name=&#8221;Jonas Andersson&#8221; position=&#8221;Ordf\u00f6rande EFNS&#8221; organisation_level1=&#8221;Regionala utvecklingsn\u00e4mndens ordf\u00f6rande, Region J\u00e4mtland H\u00e4rjedalen&#8221; email=&#8221;jonas.andersson@regionjh.se&#8221; _builder_version=&#8221;4.21.0&#8243; _module_preset=&#8221;default&#8221; box_shadow_style_image=&#8221;preset3&#8243; global_colors_info=&#8221;{}&#8221;][\/s4s_person_plus][\/et_pb_column][et_pb_column type=&#8221;1_2&#8243; _builder_version=&#8221;4.20.0&#8243; _module_preset=&#8221;default&#8221; global_colors_info=&#8221;{}&#8221;][s4s_person_plus image=&#8221;https:\/\/europaforum.nu\/wp-content\/uploads\/2023\/05\/Image-1.jpeg&#8221; image_margins=&#8221;0px||||false|false&#8221; image_shape=&#8221;on&#8221; name=&#8221;\u00c5sa \u00c5gren Wikstr\u00f6m&#8221; position=&#8221;Vice ordf\u00f6rande EFNS&#8221; organisation_level1=&#8221;Vice ordf\u00f6rande regionala utvecklingsn\u00e4mnden, Region V\u00e4sterbotten&#8221; email=&#8221;asa.agren.wikstrom@regionvasterbotten.se&#8221; _builder_version=&#8221;4.21.0&#8243; _module_preset=&#8221;default&#8221; box_shadow_style_image=&#8221;preset3&#8243; global_colors_info=&#8221;{}&#8221;][\/s4s_person_plus][\/et_pb_column][\/et_pb_row][et_pb_row _builder_version=&#8221;4.20.0&#8243; _module_preset=&#8221;default&#8221; global_colors_info=&#8221;{}&#8221;][et_pb_column type=&#8221;4_4&#8243; _builder_version=&#8221;4.20.0&#8243; _module_preset=&#8221;default&#8221; global_colors_info=&#8221;{}&#8221;][et_pb_divider _builder_version=&#8221;4.20.0&#8243; _module_preset=&#8221;default&#8221; global_colors_info=&#8221;{}&#8221;][\/et_pb_divider][dsm_block_reveal_text block_reveal_text=&#8221;Sekretariat&#8221; _builder_version=&#8221;4.20.0&#8243; _module_preset=&#8221;default&#8221; custom_margin=&#8221;||-3px|||&#8221; global_colors_info=&#8221;{}&#8221;][\/dsm_block_reveal_text][\/et_pb_column][\/et_pb_row][et_pb_row column_structure=&#8221;1_2,1_2&#8243; _builder_version=&#8221;4.20.0&#8243; _module_preset=&#8221;default&#8221; global_colors_info=&#8221;{}&#8221;][et_pb_column type=&#8221;1_2&#8243; _builder_version=&#8221;4.20.0&#8243; _module_preset=&#8221;default&#8221; global_colors_info=&#8221;{}&#8221;][s4s_person_plus image=&#8221;https:\/\/europaforum.nu\/wp-content\/uploads\/2023\/02\/janus-brandin_1500.png&#8221; image_shape=&#8221;on&#8221; name=&#8221;Janus Brandin&#8221; position=&#8221;Ansvarig EFNS sekretariat&#8221; organisation_level1=&#8221;Regional utvecklingsdirekt\u00f6r, Region Norrbotten&#8221; email=&#8221;janus.brandin@norrbotten.se&#8221; _builder_version=&#8221;4.21.0&#8243; _module_preset=&#8221;default&#8221; box_shadow_style_image=&#8221;preset3&#8243; global_colors_info=&#8221;{}&#8221;][\/s4s_person_plus][\/et_pb_column][et_pb_column type=&#8221;1_2&#8243; _builder_version=&#8221;4.20.0&#8243; _module_preset=&#8221;default&#8221; global_colors_info=&#8221;{}&#8221;][s4s_person_plus image=&#8221;https:\/\/europaforum.nu\/wp-content\/uploads\/2023\/02\/jenny_mozgovoy.png&#8221; image_shape=&#8221;on&#8221; name=&#8221;Jenny Mozgovoy&#8221; position=&#8221;Koordinator EFNS&#8221; organisation_level1=&#8221;Internationell Strateg, Region Norrbotten&#8221; mobile_phone=&#8221;070-785 10 44&#8243; email=&#8221;jenny.mozgovoy@norrbotten.se&#8221; _builder_version=&#8221;4.21.0&#8243; _module_preset=&#8221;default&#8221; box_shadow_style_image=&#8221;preset3&#8243; global_colors_info=&#8221;{}&#8221;][\/s4s_person_plus][\/et_pb_column][\/et_pb_row][\/et_pb_section]<\/p>\n","protected":false},"excerpt":{"rendered":"<p>Europaforum Norra Sverige \u2013 de fyra nordligaste regionernas n\u00e4tverk f\u00f6r p\u00e5verkan Fr\u00e5n v\u00e4nster: Jonny Lundin (C) Region V\u00e4sternorrland, Lars-Gunnar Nordlander (S) Kommunf\u00f6rbundet J\u00e4mtland H\u00e4rjedalen, Isak Utsi (S), Norrbottens Kommuner, Mats Hellhof (SD) Region V\u00e4sternorrland, Jonas Andersson (S) Region J\u00e4mtland H\u00e4rjedalen, Daniel Danielsson (C) Kommunf\u00f6rbundet J\u00e4mtland H\u00e4rjedalen, Ann \u00c5str\u00f6m (S) Region V\u00e4sterbotten, Anders \u00d6berg (S), Region Norrbotten, Rickard Carstedt (S), Region V\u00e4sterbotten, Johan Loock (M), Region J\u00e4mtland H\u00e4rjedalen. P\u00e5 bilden saknas: Ulrica Hammarstr\u00f6m (S) Norrbottens kommuner, \u00c5sa \u00c5gren Wikstr\u00f6m (M) Region V\u00e4sterbotten och Erik L\u00f6vgren (S) Kommunf\u00f6rbundet V\u00e4sternorrland. Foto: Evelina Ytterbom. Europaforum Norra Sverige (EFNS) \u00e4r ett politiskt n\u00e4tverk som samlar Sveriges fyra nordligaste regioner f\u00f6r att tillvarata norra Sveriges intressen i fr\u00e5gor med en tydlig EU-dimension. Forumet har i mer \u00e4n 20 \u00e5r f\u00f6rt fram norra Sveriges st\u00e5ndpunkter med en gemensam r\u00f6st. Det som g\u00f6r n\u00e4tverket unikt \u00e4r EFNS f\u00f6rm\u00e5ga att samverka \u00f6ver partigr\u00e4nser mellan akt\u00f6rer p\u00e5 lokal, regional, nationell och EU-niv\u00e5 och i syfte att gynna norra Sveriges intressen i EU-politiken. EFNS \u00e4r en m\u00f6tesplats och kunskapsarena d\u00e4r EU:s politik analyseras och diskuteras i de avseenden d\u00e4r den ber\u00f6r norra Sverige. V\u00e5r fr\u00e4msta uppgift \u00e4r att bevaka Europafr\u00e5gor f\u00f6r att genom gemensamma insatser p\u00e5verka EU:s lagstiftning s\u00e5som olika EU-strategier, [&hellip;]<\/p>\n","protected":false},"author":1,"featured_media":0,"parent":0,"menu_order":0,"comment_status":"closed","ping_status":"closed","template":"","meta":{"_et_pb_use_builder":"on","_et_pb_old_content":"","_et_gb_content_width":"","footnotes":""},"class_list":["post-39284","page","type-page","status-publish","hentry"],"_links":{"self":[{"href":"https:\/\/europaforum.nu\/index.php?rest_route=\/wp\/v2\/pages\/39284","targetHints":{"allow":["GET"]}}],"collection":[{"href":"https:\/\/europaforum.nu\/index.php?rest_route=\/wp\/v2\/pages"}],"about":[{"href":"https:\/\/europaforum.nu\/index.php?rest_route=\/wp\/v2\/types\/page"}],"author":[{"embeddable":true,"href":"https:\/\/europaforum.nu\/index.php?rest_route=\/wp\/v2\/users\/1"}],"replies":[{"embeddable":true,"href":"https:\/\/europaforum.nu\/index.php?rest_route=%2Fwp%2Fv2%2Fcomments&post=39284"}],"version-history":[{"count":23,"href":"https:\/\/europaforum.nu\/index.php?rest_route=\/wp\/v2\/pages\/39284\/revisions"}],"predecessor-version":[{"id":41078,"href":"https:\/\/europaforum.nu\/index.php?rest_route=\/wp\/v2\/pages\/39284\/revisions\/41078"}],"wp:attachment":[{"href":"https:\/\/europaforum.nu\/index.php?rest_route=%2Fwp%2Fv2%2Fmedia&parent=39284"}],"curies":[{"name":"wp","href":"https:\/\/api.w.org\/{rel}","templated":true}]}}