{"id":40048,"date":"2023-03-27T14:17:33","date_gmt":"2023-03-27T13:17:33","guid":{"rendered":"http:\/\/utv.europaforum.nu\/?page_id=40048"},"modified":"2023-03-27T14:33:49","modified_gmt":"2023-03-27T13:33:49","slug":"miljo-energi-och-klimat","status":"publish","type":"page","link":"https:\/\/europaforum.nu\/?page_id=40048","title":{"rendered":"Milj\u00f6, Energi och Klimat"},"content":{"rendered":"\n[et_pb_section fb_built=&#8221;1&#8243; _builder_version=&#8221;4.20.2&#8243; _module_preset=&#8221;default&#8221; global_colors_info=&#8221;{}&#8221; theme_builder_area=&#8221;post_content&#8221;][et_pb_row _builder_version=&#8221;4.20.2&#8243; _module_preset=&#8221;default&#8221; global_colors_info=&#8221;{}&#8221; theme_builder_area=&#8221;post_content&#8221;][et_pb_column type=&#8221;4_4&#8243; _builder_version=&#8221;4.20.2&#8243; _module_preset=&#8221;default&#8221; global_colors_info=&#8221;{}&#8221; theme_builder_area=&#8221;post_content&#8221;][et_pb_icon font_icon=&#8221;&#xf18c;||fa||400&#8243; icon_color=&#8221;#f7ab22&#8243; icon_width=&#8221;200px&#8221; _builder_version=&#8221;4.20.2&#8243; _module_preset=&#8221;default&#8221; hover_enabled=&#8221;0&#8243; global_colors_info=&#8221;{}&#8221; theme_builder_area=&#8221;post_content&#8221; sticky_enabled=&#8221;0&#8243;][\/et_pb_icon][et_pb_text _builder_version=&#8221;4.20.2&#8243; _module_preset=&#8221;default&#8221; hover_enabled=&#8221;0&#8243; global_colors_info=&#8221;{}&#8221; theme_builder_area=&#8221;post_content&#8221; sticky_enabled=&#8221;0&#8243;]<h1 style=\"text-align: center;\">Milj\u00f6, Energi och Klimat<\/h1>\n<p>&nbsp;<\/p>\n<p>I milj\u00f6politiken har EU och medlemsl\u00e4nderna en delad befogenhet att anta bindande akter i tre avseenden med lokala f\u00f6ljder. Dessa \u00e4r harmoniseringsregler vid milj\u00f6krav (ex. avgaser), regler f\u00f6r l\u00e4gsta till\u00e5tna milj\u00f6skyddsniv\u00e5er (vatten- och luftkvalitet bl.a.) och den gemensamma klimatpolitiken om utsl\u00e4ppsr\u00e4tter (EU ETS) som t\u00e4cker koldioxidemissioner fr\u00e5n energiintensiv industri s\u00e5som j\u00e4rn- och st\u00e5lindustrin och massa- och pappersindustrin.<\/p>\n<p>EU-kommissionen presenterade f\u00f6r mandatperioden den \u201dDen europeiska gr\u00f6na given\u201d; en ny tillv\u00e4xtstrategi f\u00f6r att st\u00e4lla om till ett r\u00e4ttvist och v\u00e4lm\u00e5ende samh\u00e4lle med en modern, resurseffektiv och konkurrenskraftig ekonomi till 2050 utan nettoutsl\u00e4pp och en tillv\u00e4xt frikopplat fr\u00e5n resursf\u00f6rbrukningen. Planen inneh\u00e5ller ett 50-tal initiativ f\u00f6r att minska EU-l\u00e4ndernas negativa p\u00e5verkan p\u00e5 klimatet via \u00e5tg\u00e4rder f\u00f6r att; minska utsl\u00e4ppen och energianv\u00e4ndningen, skydda livsmilj\u00f6n, s\u00e4kra en h\u00e5llbar livsmedelspolitik och \u00f6ka \u00e5tervinningen av varor. Given omfattar ocks\u00e5 insatser f\u00f6r ren och trygg energi, byggande och renovering och smartmobilitet.<\/p>\n<p>Det p\u00e5g\u00e5r flera processer inom EU som ber\u00f6r f\u00f6ruts\u00e4ttningarna vad g\u00e4ller mark och vatten f\u00f6r att skapa energi och biobaserade produkter. Inom den gr\u00f6na given ryms till exempel en ny skogsstrategi, en strategi f\u00f6r biologisk m\u00e5ngfald, en handlingsplan f\u00f6r cirkul\u00e4r ekonomi samt en plan f\u00f6r nollutsl\u00e4pp till vatten, jord och luft. Det finns \u00e4ven planer p\u00e5 en revidering av energiskattedirektivet och en \u00f6versyn av f\u00f6rordningarna LULUCF (Land Use, Land Use Change and Forestry) och f\u00f6rnybarhetsdirektivet (REDII). Dessa styrdokument ber\u00f6r s\u00e4rskilt norra Sveriges speciella f\u00f6ruts\u00e4ttningar vid energieffektivisering s\u00e5som skogssektorn, kallt klimat, l\u00e5nga avst\u00e5nd, utbyggd fj\u00e4rrv\u00e4rme t.ex. D\u00e4rtill p\u00e5g\u00e5r EU-arbete kring kriterier f\u00f6r h\u00e5llbara investeringar (taxonomi) som kan h\u00e4mma anv\u00e4ndning av och investeringar i biodrivmedel, bioenergi, fj\u00e4rrv\u00e4rme, energiutvinning ur avfall med mera.<\/p>[\/et_pb_text][\/et_pb_column][\/et_pb_row][\/et_pb_section]\n","protected":false},"excerpt":{"rendered":"<p>Milj\u00f6, Energi och Klimat &nbsp; I milj\u00f6politiken har EU och medlemsl\u00e4nderna en delad befogenhet att anta bindande akter i tre avseenden med lokala f\u00f6ljder. Dessa \u00e4r harmoniseringsregler vid milj\u00f6krav (ex. avgaser), regler f\u00f6r l\u00e4gsta till\u00e5tna milj\u00f6skyddsniv\u00e5er (vatten- och luftkvalitet bl.a.) och den gemensamma klimatpolitiken om utsl\u00e4ppsr\u00e4tter (EU ETS) som t\u00e4cker koldioxidemissioner fr\u00e5n energiintensiv industri s\u00e5som j\u00e4rn- och st\u00e5lindustrin och massa- och pappersindustrin. EU-kommissionen presenterade f\u00f6r mandatperioden den \u201dDen europeiska gr\u00f6na given\u201d; en ny tillv\u00e4xtstrategi f\u00f6r att st\u00e4lla om till ett r\u00e4ttvist och v\u00e4lm\u00e5ende samh\u00e4lle med en modern, resurseffektiv och konkurrenskraftig ekonomi till 2050 utan nettoutsl\u00e4pp och en tillv\u00e4xt frikopplat fr\u00e5n resursf\u00f6rbrukningen. Planen inneh\u00e5ller ett 50-tal initiativ f\u00f6r att minska EU-l\u00e4ndernas negativa p\u00e5verkan p\u00e5 klimatet via \u00e5tg\u00e4rder f\u00f6r att; minska utsl\u00e4ppen och energianv\u00e4ndningen, skydda livsmilj\u00f6n, s\u00e4kra en h\u00e5llbar livsmedelspolitik och \u00f6ka \u00e5tervinningen av varor. Given omfattar ocks\u00e5 insatser f\u00f6r ren och trygg energi, byggande och renovering och smartmobilitet. Det p\u00e5g\u00e5r flera processer inom EU som ber\u00f6r f\u00f6ruts\u00e4ttningarna vad g\u00e4ller mark och vatten f\u00f6r att skapa energi och biobaserade produkter. Inom den gr\u00f6na given ryms till exempel en ny skogsstrategi, en strategi f\u00f6r biologisk m\u00e5ngfald, en handlingsplan f\u00f6r cirkul\u00e4r ekonomi samt en plan f\u00f6r nollutsl\u00e4pp till vatten, jord och luft. Det finns [&hellip;]<\/p>\n","protected":false},"author":1,"featured_media":0,"parent":0,"menu_order":0,"comment_status":"closed","ping_status":"closed","template":"","meta":{"_et_pb_use_builder":"on","_et_pb_old_content":"","_et_gb_content_width":"","footnotes":""},"class_list":["post-40048","page","type-page","status-publish","hentry"],"_links":{"self":[{"href":"https:\/\/europaforum.nu\/index.php?rest_route=\/wp\/v2\/pages\/40048","targetHints":{"allow":["GET"]}}],"collection":[{"href":"https:\/\/europaforum.nu\/index.php?rest_route=\/wp\/v2\/pages"}],"about":[{"href":"https:\/\/europaforum.nu\/index.php?rest_route=\/wp\/v2\/types\/page"}],"author":[{"embeddable":true,"href":"https:\/\/europaforum.nu\/index.php?rest_route=\/wp\/v2\/users\/1"}],"replies":[{"embeddable":true,"href":"https:\/\/europaforum.nu\/index.php?rest_route=%2Fwp%2Fv2%2Fcomments&post=40048"}],"version-history":[{"count":3,"href":"https:\/\/europaforum.nu\/index.php?rest_route=\/wp\/v2\/pages\/40048\/revisions"}],"predecessor-version":[{"id":40052,"href":"https:\/\/europaforum.nu\/index.php?rest_route=\/wp\/v2\/pages\/40048\/revisions\/40052"}],"wp:attachment":[{"href":"https:\/\/europaforum.nu\/index.php?rest_route=%2Fwp%2Fv2%2Fmedia&parent=40048"}],"curies":[{"name":"wp","href":"https:\/\/api.w.org\/{rel}","templated":true}]}}