{"id":40055,"date":"2023-03-27T14:36:00","date_gmt":"2023-03-27T13:36:00","guid":{"rendered":"http:\/\/utv.europaforum.nu\/?page_id=40055"},"modified":"2023-03-27T14:39:18","modified_gmt":"2023-03-27T13:39:18","slug":"forskning-och-innovation-samt-naringslivspolitik","status":"publish","type":"page","link":"https:\/\/europaforum.nu\/?page_id=40055","title":{"rendered":"Forskning och innovation samt n\u00e4ringslivspolitik"},"content":{"rendered":"<p>[et_pb_section fb_built=&#8221;1&#8243; _builder_version=&#8221;4.20.2&#8243; _module_preset=&#8221;default&#8221; global_colors_info=&#8221;{}&#8221; theme_builder_area=&#8221;post_content&#8221;][et_pb_row _builder_version=&#8221;4.20.2&#8243; _module_preset=&#8221;default&#8221; global_colors_info=&#8221;{}&#8221; theme_builder_area=&#8221;post_content&#8221;][et_pb_column type=&#8221;4_4&#8243; _builder_version=&#8221;4.20.2&#8243; _module_preset=&#8221;default&#8221; global_colors_info=&#8221;{}&#8221; theme_builder_area=&#8221;post_content&#8221;][et_pb_icon font_icon=&#8221;&#xf19c;||fa||900&#8243; icon_color=&#8221;#509dcd&#8221; icon_width=&#8221;200px&#8221; _builder_version=&#8221;4.20.2&#8243; _module_preset=&#8221;default&#8221; hover_enabled=&#8221;0&#8243; global_colors_info=&#8221;{}&#8221; theme_builder_area=&#8221;post_content&#8221; sticky_enabled=&#8221;0&#8243;][\/et_pb_icon][et_pb_text _builder_version=&#8221;4.20.2&#8243; _module_preset=&#8221;default&#8221; global_colors_info=&#8221;{}&#8221; theme_builder_area=&#8221;post_content&#8221;]<\/p>\n<h1 style=\"text-align: center;\">Forskning och innovation samt n\u00e4ringslivspolitik<\/h1>\n<p>&nbsp;<\/p>\n<p>EU \u00e4r en stor akt\u00f6r och finansi\u00e4r av forskning, innovation och tillv\u00e4xtfr\u00e4mjande \u00e5tg\u00e4rder genom regleringar och olika finansieringsinstrument b\u00e5de inom sammanh\u00e5llningspolitiken och konkurrensutsatta medel s\u00e5som Horisont Europa, Kreativa Europa, Erasmus+ Digitala Europa etc.<\/p>\n<p>Insatser f\u00f6r forskning och innovation fr\u00e4mjar inte bara vetenskapliga framsteg utan \u00e4ven strategiska insatser f\u00f6r tillv\u00e4xt, h\u00e5llbarhet, digitalisering och s\u00e4kerhet. Finansiering i ramprogrammet sker i h\u00e5rd konkurrens med excellens som ledstj\u00e4rna. Med regionens unika tillg\u00e5ngar och m\u00e5nga ledande akt\u00f6rer inom t.ex. bioekonomi, rymd, automation, digitalisering, distansoberoende tj\u00e4nster har norra Sveriges f\u00f6retag, offentlig sektor och FoI-akt\u00f6rer haft stora framg\u00e5ngar och ramprogrammet har visat sig vara ett betydande redskap f\u00f6r norra Sveriges utveckling.<\/p>\n<p>EU:s insatser inom forskning och innovation utg\u00f6r ett verktyg f\u00f6r genomf\u00f6rande och utformning av unionens politiska ambitioner och blir d\u00e4rf\u00f6r viktig att p\u00e5verka p\u00e5 de omr\u00e5den som har betydelse f\u00f6r EFNS. Ramprogrammet f\u00f6r forskning och innovation, Horisont Europa, \u00e4r det fr\u00e4msta verktyget f\u00f6r EU:s FoI policy fr\u00e5n 2021. Det nya programmet har en som strategisk ansats f\u00f6r genomf\u00f6randet EU:s politik och inneh\u00e5ller st\u00f6rre och l\u00e5ngsiktiga satsningar p\u00e5 utpekade prioriterade omr\u00e5den \u00e4n dess f\u00f6reg\u00e5ngare horisont 2020. EU:s digitaliseringsstrategi och programmet Digitala Europa kommer att vara betydande f\u00f6r regionens m\u00f6jligheter till innovationsarbete.<\/p>\n<p>EU:s politik inom N\u00e4ringsliv syftar till att f\u00f6rverkliga den inre marknaden samt att trygga EU:s r\u00e5varuf\u00f6rs\u00f6rjning. Det sker genom en rad satsningar f\u00f6r att minska gr\u00e4nshinder och andra handelshinder vilket st\u00e4rker konkurrenskraften f\u00f6r EU:s mikrof\u00f6retag och sm\u00e5- och medelstora f\u00f6retag. P\u00e5 s\u00e5 s\u00e4tt fr\u00e4mjas framv\u00e4xten av nya jobb och ekonomisk tillv\u00e4xt. Genom EU:s konkurrenslagstiftning och regler motverkas snedvridning av marknaden och r\u00e4ttvisa och lika villkor efterstr\u00e4vas. EU:s arbete manifesteras i en rad politikomr\u00e5den genom EU:s industristrategi, EU:s statsst\u00f6dsregeler, direktivet f\u00f6r offentlig upphandling, EU:s r\u00e5varustrategi samt n\u00e4ringslivspolitiska perspektiv av EU:s skogsstrategi . N\u00e4ringslivspolitiken m\u00e5ste ta h\u00e4nsyn till Norra Sveriges unika f\u00f6ruts\u00e4ttningar i form av gles befolkningsstruktur, avst\u00e5nd till marknader, sm\u00e5 arbetsmarknader och sv\u00e5righeter att bilda kapital.<\/p>\n<p>[\/et_pb_text][\/et_pb_column][\/et_pb_row][\/et_pb_section]<\/p>\n","protected":false},"excerpt":{"rendered":"<p>Forskning och innovation samt n\u00e4ringslivspolitik &nbsp; EU \u00e4r en stor akt\u00f6r och finansi\u00e4r av forskning, innovation och tillv\u00e4xtfr\u00e4mjande \u00e5tg\u00e4rder genom regleringar och olika finansieringsinstrument b\u00e5de inom sammanh\u00e5llningspolitiken och konkurrensutsatta medel s\u00e5som Horisont Europa, Kreativa Europa, Erasmus+ Digitala Europa etc. Insatser f\u00f6r forskning och innovation fr\u00e4mjar inte bara vetenskapliga framsteg utan \u00e4ven strategiska insatser f\u00f6r tillv\u00e4xt, h\u00e5llbarhet, digitalisering och s\u00e4kerhet. Finansiering i ramprogrammet sker i h\u00e5rd konkurrens med excellens som ledstj\u00e4rna. Med regionens unika tillg\u00e5ngar och m\u00e5nga ledande akt\u00f6rer inom t.ex. bioekonomi, rymd, automation, digitalisering, distansoberoende tj\u00e4nster har norra Sveriges f\u00f6retag, offentlig sektor och FoI-akt\u00f6rer haft stora framg\u00e5ngar och ramprogrammet har visat sig vara ett betydande redskap f\u00f6r norra Sveriges utveckling. EU:s insatser inom forskning och innovation utg\u00f6r ett verktyg f\u00f6r genomf\u00f6rande och utformning av unionens politiska ambitioner och blir d\u00e4rf\u00f6r viktig att p\u00e5verka p\u00e5 de omr\u00e5den som har betydelse f\u00f6r EFNS. Ramprogrammet f\u00f6r forskning och innovation, Horisont Europa, \u00e4r det fr\u00e4msta verktyget f\u00f6r EU:s FoI policy fr\u00e5n 2021. Det nya programmet har en som strategisk ansats f\u00f6r genomf\u00f6randet EU:s politik och inneh\u00e5ller st\u00f6rre och l\u00e5ngsiktiga satsningar p\u00e5 utpekade prioriterade omr\u00e5den \u00e4n dess f\u00f6reg\u00e5ngare horisont 2020. EU:s digitaliseringsstrategi och programmet Digitala Europa kommer att vara betydande f\u00f6r regionens m\u00f6jligheter till innovationsarbete. [&hellip;]<\/p>\n","protected":false},"author":1,"featured_media":0,"parent":0,"menu_order":0,"comment_status":"closed","ping_status":"closed","template":"","meta":{"_et_pb_use_builder":"on","_et_pb_old_content":"","_et_gb_content_width":"","footnotes":""},"class_list":["post-40055","page","type-page","status-publish","hentry"],"_links":{"self":[{"href":"https:\/\/europaforum.nu\/index.php?rest_route=\/wp\/v2\/pages\/40055","targetHints":{"allow":["GET"]}}],"collection":[{"href":"https:\/\/europaforum.nu\/index.php?rest_route=\/wp\/v2\/pages"}],"about":[{"href":"https:\/\/europaforum.nu\/index.php?rest_route=\/wp\/v2\/types\/page"}],"author":[{"embeddable":true,"href":"https:\/\/europaforum.nu\/index.php?rest_route=\/wp\/v2\/users\/1"}],"replies":[{"embeddable":true,"href":"https:\/\/europaforum.nu\/index.php?rest_route=%2Fwp%2Fv2%2Fcomments&post=40055"}],"version-history":[{"count":2,"href":"https:\/\/europaforum.nu\/index.php?rest_route=\/wp\/v2\/pages\/40055\/revisions"}],"predecessor-version":[{"id":40058,"href":"https:\/\/europaforum.nu\/index.php?rest_route=\/wp\/v2\/pages\/40055\/revisions\/40058"}],"wp:attachment":[{"href":"https:\/\/europaforum.nu\/index.php?rest_route=%2Fwp%2Fv2%2Fmedia&parent=40055"}],"curies":[{"name":"wp","href":"https:\/\/api.w.org\/{rel}","templated":true}]}}